{"id":466,"date":"2024-11-11T19:22:56","date_gmt":"2024-11-11T19:22:56","guid":{"rendered":"https:\/\/ensemblequarz.ch\/?page_id=466"},"modified":"2025-09-04T12:03:18","modified_gmt":"2025-09-04T12:03:18","slug":"florian-gass","status":"publish","type":"page","link":"https:\/\/ensemblequarz.ch\/index.php\/florian-gass\/","title":{"rendered":"Florian Gass"},"content":{"rendered":"\t\t<div data-elementor-type=\"wp-page\" data-elementor-id=\"466\" class=\"elementor elementor-466\" data-elementor-post-type=\"page\">\n\t\t\t\t<div class=\"elementor-element elementor-element-af0fb34 e-flex e-con-boxed e-con e-parent\" data-id=\"af0fb34\" data-element_type=\"container\" data-settings=\"{&quot;background_background&quot;:&quot;classic&quot;}\">\n\t\t\t\t\t<div class=\"e-con-inner\">\n\t\t\t\t<div class=\"elementor-element elementor-element-2efef32 elementor-widget elementor-widget-spacer\" data-id=\"2efef32\" data-element_type=\"widget\" data-widget_type=\"spacer.default\">\n\t\t\t\t<div class=\"elementor-widget-container\">\n\t\t\t\t\t\t\t<div class=\"elementor-spacer\">\n\t\t\t<div class=\"elementor-spacer-inner\"><\/div>\n\t\t<\/div>\n\t\t\t\t\t\t<\/div>\n\t\t\t\t<\/div>\n\t\t\t\t\t<\/div>\n\t\t\t\t<\/div>\n\t\t<div class=\"elementor-element elementor-element-1fbcea9 e-flex e-con-boxed e-con e-parent\" data-id=\"1fbcea9\" data-element_type=\"container\" data-settings=\"{&quot;background_background&quot;:&quot;classic&quot;}\">\n\t\t\t\t\t<div class=\"e-con-inner\">\n\t\t<div class=\"elementor-element elementor-element-9d0eded e-con-full e-flex e-con e-child\" data-id=\"9d0eded\" data-element_type=\"container\">\n\t\t\t\t<div class=\"elementor-element elementor-element-482c1e9 elementor-widget elementor-widget-heading\" data-id=\"482c1e9\" data-element_type=\"widget\" data-widget_type=\"heading.default\">\n\t\t\t\t<div class=\"elementor-widget-container\">\n\t\t\t\t\t<h2 class=\"elementor-heading-title elementor-size-default\">Florian Gass<\/h2>\t\t\t\t<\/div>\n\t\t\t\t<\/div>\n\t\t\t\t<div class=\"elementor-element elementor-element-95c11c6 elementor-widget elementor-widget-text-editor\" data-id=\"95c11c6\" data-element_type=\"widget\" data-widget_type=\"text-editor.default\">\n\t\t\t\t<div class=\"elementor-widget-container\">\n\t\t\t\t\t\t\t\t\t<p data-olk-copy-source=\"MessageBody\">Florian Gass\u00a0(*1994) wuchs in Reigoldswil im Kanton Baselland\u00a0auf. Volksmusik war schon immer seine Leidenschaft. Heute\u00a0bewegt er sich sehr gerne im weiten Feld von Tradition bis\u00a0Innovation, sch\u00e4tzt Volksmusik in der\u00a0ganzen Bandbreite von L\u00e4ndlermusik bis zur neuen Volksmusik. Diese Vielfalt zeigt\u00a0sich in seiner Musik und seinen Kompositionen, welche\u00a0l\u00fcpfig-fr\u00f6hlich, melancholisch-ber\u00fchrend und zugleich komplex\u00a0und einfach\u00a0sein k\u00f6nnen.<\/p><p>Von\u00a02017 bis 2023 studierte Florian Gass\u00a0an der Hochschule Luzern Schwyzer\u00f6rgeli im Schwerpunkt Volksmusik bei Markus Fl\u00fcckiger und schloss 2023 das Masterstudium mit zwei Abschlusskonzerten ab.\u00a0Meilensteine bilden die Verleihung des F\u00f6rderpreises der Gemeinde Reigoldswil sowie des Preises der &#8222;goldenen Lilie&#8220; vom Schloss Wyher Ettiswil.<\/p><p>Florian Gass\u00a0ist aktuell mit den Formationen S\u00f6ck, Quarz, Dreierlei sowie im Duo mit Augustin Martz musikalisch aktiv. Weiter war und ist er in vielen weiteren\u00a0spannenden Projekten und Anl\u00e4ssen involviert, z.B. bei Sarah Buechis Programm &#8222;Pink Mountain Sagas&#8220;, beim Dolfi Rogenmoser Notationsprojekt, im Schwyzer\u00f6rgeliforum oder bei Text und T\u00f6ne aus dem Baselbiet.<\/p><p>Neben \u00f6ffentlichen Auftritten ist Florian Gass\u00a0als\u00a0Schwyzer\u00f6rgelilehrer an der Musikschule Region Sursee t\u00e4tig. Zudem engagiert er sich in Schwyzer\u00f6rgelikursen &amp; Lagerwochen als Leiter und im Vorstand des\u00a0VSV Luzern\u00a0(Verband Schweizer Volksmusik).<\/p>\t\t\t\t\t\t\t\t<\/div>\n\t\t\t\t<\/div>\n\t\t\t\t<div class=\"elementor-element elementor-element-fd025af elementor-widget elementor-widget-button\" data-id=\"fd025af\" data-element_type=\"widget\" data-widget_type=\"button.default\">\n\t\t\t\t<div class=\"elementor-widget-container\">\n\t\t\t\t\t\t\t\t\t<div class=\"elementor-button-wrapper\">\n\t\t\t\t\t<a class=\"elementor-button elementor-button-link elementor-size-sm\" href=\"https:\/\/ensemblequarz.ch\/index.php\/ueber-uns\/\">\n\t\t\t\t\t\t<span class=\"elementor-button-content-wrapper\">\n\t\t\t\t\t\t\t\t\t<span class=\"elementor-button-text\">zur\u00fcck<\/span>\n\t\t\t\t\t<\/span>\n\t\t\t\t\t<\/a>\n\t\t\t\t<\/div>\n\t\t\t\t\t\t\t\t<\/div>\n\t\t\t\t<\/div>\n\t\t\t\t<\/div>\n\t\t<div class=\"elementor-element elementor-element-753649e e-con-full e-flex e-con e-child\" data-id=\"753649e\" data-element_type=\"container\">\n\t\t\t\t<div class=\"elementor-element elementor-element-31f4f28 elementor-widget elementor-widget-image\" data-id=\"31f4f28\" data-element_type=\"widget\" data-widget_type=\"image.default\">\n\t\t\t\t<div class=\"elementor-widget-container\">\n\t\t\t\t\t\t\t\t\t\t\t\t\t\t\t<img fetchpriority=\"high\" decoding=\"async\" width=\"1856\" height=\"2560\" src=\"https:\/\/ensemblequarz.ch\/wp-content\/uploads\/2024\/11\/Florian_Gass-scaled.jpg\" class=\"attachment-full size-full wp-image-447\" alt=\"\" srcset=\"https:\/\/ensemblequarz.ch\/wp-content\/uploads\/2024\/11\/Florian_Gass-scaled.jpg 1856w, https:\/\/ensemblequarz.ch\/wp-content\/uploads\/2024\/11\/Florian_Gass-218x300.jpg 218w, https:\/\/ensemblequarz.ch\/wp-content\/uploads\/2024\/11\/Florian_Gass-742x1024.jpg 742w, https:\/\/ensemblequarz.ch\/wp-content\/uploads\/2024\/11\/Florian_Gass-768x1059.jpg 768w, https:\/\/ensemblequarz.ch\/wp-content\/uploads\/2024\/11\/Florian_Gass-1114x1536.jpg 1114w, https:\/\/ensemblequarz.ch\/wp-content\/uploads\/2024\/11\/Florian_Gass-1485x2048.jpg 1485w\" sizes=\"(max-width: 1856px) 100vw, 1856px\" \/>\t\t\t\t\t\t\t\t\t\t\t\t\t\t\t<\/div>\n\t\t\t\t<\/div>\n\t\t\t\t<\/div>\n\t\t<div class=\"elementor-element elementor-element-75f8893 e-con-full e-flex e-con e-child\" data-id=\"75f8893\" data-element_type=\"container\">\n\t\t\t\t<\/div>\n\t\t<div class=\"elementor-element elementor-element-7a25ecf e-con-full e-flex e-con e-child\" data-id=\"7a25ecf\" data-element_type=\"container\">\n\t\t\t\t<\/div>\n\t\t\t\t\t<\/div>\n\t\t\t\t<\/div>\n\t\t\t\t<\/div>\n\t\t","protected":false},"excerpt":{"rendered":"<p>Florian Gass Florian Gass\u00a0(*1994) wuchs in Reigoldswil im Kanton Baselland\u00a0auf. Volksmusik war schon immer seine Leidenschaft. Heute\u00a0bewegt er sich sehr gerne im weiten Feld von Tradition bis\u00a0Innovation, sch\u00e4tzt Volksmusik in der\u00a0ganzen Bandbreite von L\u00e4ndlermusik bis zur neuen Volksmusik. Diese Vielfalt zeigt\u00a0sich in seiner Musik und seinen Kompositionen, welche\u00a0l\u00fcpfig-fr\u00f6hlich, melancholisch-ber\u00fchrend und zugleich komplex\u00a0und einfach\u00a0sein k\u00f6nnen. Von\u00a02017 [&hellip;]<\/p>\n","protected":false},"author":1,"featured_media":0,"parent":0,"menu_order":0,"comment_status":"closed","ping_status":"closed","template":"","meta":{"inline_featured_image":false,"footnotes":""},"class_list":["post-466","page","type-page","status-publish","hentry"],"_links":{"self":[{"href":"https:\/\/ensemblequarz.ch\/index.php\/wp-json\/wp\/v2\/pages\/466","targetHints":{"allow":["GET"]}}],"collection":[{"href":"https:\/\/ensemblequarz.ch\/index.php\/wp-json\/wp\/v2\/pages"}],"about":[{"href":"https:\/\/ensemblequarz.ch\/index.php\/wp-json\/wp\/v2\/types\/page"}],"author":[{"embeddable":true,"href":"https:\/\/ensemblequarz.ch\/index.php\/wp-json\/wp\/v2\/users\/1"}],"replies":[{"embeddable":true,"href":"https:\/\/ensemblequarz.ch\/index.php\/wp-json\/wp\/v2\/comments?post=466"}],"version-history":[{"count":16,"href":"https:\/\/ensemblequarz.ch\/index.php\/wp-json\/wp\/v2\/pages\/466\/revisions"}],"predecessor-version":[{"id":1022,"href":"https:\/\/ensemblequarz.ch\/index.php\/wp-json\/wp\/v2\/pages\/466\/revisions\/1022"}],"wp:attachment":[{"href":"https:\/\/ensemblequarz.ch\/index.php\/wp-json\/wp\/v2\/media?parent=466"}],"curies":[{"name":"wp","href":"https:\/\/api.w.org\/{rel}","templated":true}]}}