{"id":463,"date":"2024-11-11T19:22:45","date_gmt":"2024-11-11T19:22:45","guid":{"rendered":"https:\/\/ensemblequarz.ch\/?page_id=463"},"modified":"2025-09-04T12:01:27","modified_gmt":"2025-09-04T12:01:27","slug":"augustin-martz","status":"publish","type":"page","link":"https:\/\/ensemblequarz.ch\/index.php\/augustin-martz\/","title":{"rendered":"Augustin Martz"},"content":{"rendered":"\t\t<div data-elementor-type=\"wp-page\" data-elementor-id=\"463\" class=\"elementor elementor-463\" data-elementor-post-type=\"page\">\n\t\t\t\t<div class=\"elementor-element elementor-element-854626f e-flex e-con-boxed e-con e-parent\" data-id=\"854626f\" data-element_type=\"container\" data-settings=\"{&quot;background_background&quot;:&quot;classic&quot;}\">\n\t\t\t\t\t<div class=\"e-con-inner\">\n\t\t\t\t<div class=\"elementor-element elementor-element-0a3fca0 elementor-widget elementor-widget-spacer\" data-id=\"0a3fca0\" data-element_type=\"widget\" data-widget_type=\"spacer.default\">\n\t\t\t\t<div class=\"elementor-widget-container\">\n\t\t\t\t\t\t\t<div class=\"elementor-spacer\">\n\t\t\t<div class=\"elementor-spacer-inner\"><\/div>\n\t\t<\/div>\n\t\t\t\t\t\t<\/div>\n\t\t\t\t<\/div>\n\t\t\t\t\t<\/div>\n\t\t\t\t<\/div>\n\t\t<div class=\"elementor-element elementor-element-ac767f8 e-flex e-con-boxed e-con e-parent\" data-id=\"ac767f8\" data-element_type=\"container\" data-settings=\"{&quot;background_background&quot;:&quot;classic&quot;}\">\n\t\t\t\t\t<div class=\"e-con-inner\">\n\t\t<div class=\"elementor-element elementor-element-1e28d7e e-con-full e-flex e-con e-child\" data-id=\"1e28d7e\" data-element_type=\"container\">\n\t\t\t\t<div class=\"elementor-element elementor-element-adc28a9 elementor-widget elementor-widget-heading\" data-id=\"adc28a9\" data-element_type=\"widget\" data-widget_type=\"heading.default\">\n\t\t\t\t<div class=\"elementor-widget-container\">\n\t\t\t\t\t<h2 class=\"elementor-heading-title elementor-size-default\">Augustin Martz<\/h2>\t\t\t\t<\/div>\n\t\t\t\t<\/div>\n\t\t\t\t<div class=\"elementor-element elementor-element-4b32e08 elementor-widget elementor-widget-text-editor\" data-id=\"4b32e08\" data-element_type=\"widget\" data-widget_type=\"text-editor.default\">\n\t\t\t\t<div class=\"elementor-widget-container\">\n\t\t\t\t\t\t\t\t\t<p>Der Geiger Augustin Martz wurde *1993 in Z\u00fcrich geboren. Mit 6 Jahren begann er bei Christine Zemp Geige zu lernen. Er spielte 2006-2010 im Winterthurer Jugendsymphonie-Orchester und 2009 bis heute immer wieder im Kirchenorchester Oberwinterthur. Im Unterricht beim Geiger P\u00e4r N\u00e4sbom in Winterthur von 2008-2010 hat er seine Liebe zur schwedischen Volksmusik entdeckt.<\/p><p>Nach dem Abschluss eines International Baccalaureate 2012 am United World College in Duino, Italien, leitete er ein Musical in Yaound\u00e9, Kamerun. Dann studierte er zun\u00e4chst Human\u00f6kologie in den USA am College of the Atlantic (Bachelor of Arts in Human Ecology 2017), wo er Videokunst, Performances und Konzerte machte.<\/p><p>Ab 2019 studierte er an der Hochschule Luzern Violine Klassik bei Daniel Dodds und Volksmusik bei Andreas Gabriel. 2020 hat er im Theater Luzern in der Auff\u00fchrung des Puppentheaters Schellenursli mitgewirkt. Sein Bachelor-Abschluss im Schwerpunkt Volksmusik im Sommer 2022 wurde mit dem Preis \u00abGoldene Lilie\u00bb vom Schloss Wyher gekr\u00f6nt. Anschliessend hat er ein Master-Studium P\u00e4dagogik mit Minor Volksmusik angeh\u00e4ngt, welches er im Sommer 2024 abgeschlossen hat. Seit dem Herbst 2025 studiert er erneut an der HSLU und widmet sich dort der Jazzmusik.<\/p><p>Er ist interessiert an den Synergien von unterschiedlichen Musikrichtungen, modern und alt, klassisch und folkloristisch, jazz und zeitgen\u00f6ssisch.<\/p>\t\t\t\t\t\t\t\t<\/div>\n\t\t\t\t<\/div>\n\t\t\t\t<div class=\"elementor-element elementor-element-3b68206 elementor-widget elementor-widget-button\" data-id=\"3b68206\" data-element_type=\"widget\" data-widget_type=\"button.default\">\n\t\t\t\t<div class=\"elementor-widget-container\">\n\t\t\t\t\t\t\t\t\t<div class=\"elementor-button-wrapper\">\n\t\t\t\t\t<a class=\"elementor-button elementor-button-link elementor-size-sm\" href=\"https:\/\/ensemblequarz.ch\/index.php\/ueber-uns\/\">\n\t\t\t\t\t\t<span class=\"elementor-button-content-wrapper\">\n\t\t\t\t\t\t\t\t\t<span class=\"elementor-button-text\">zur\u00fcck<\/span>\n\t\t\t\t\t<\/span>\n\t\t\t\t\t<\/a>\n\t\t\t\t<\/div>\n\t\t\t\t\t\t\t\t<\/div>\n\t\t\t\t<\/div>\n\t\t\t\t<\/div>\n\t\t<div class=\"elementor-element elementor-element-7c60d99 e-con-full e-flex e-con e-child\" data-id=\"7c60d99\" data-element_type=\"container\">\n\t\t\t\t<div class=\"elementor-element elementor-element-acaffd8 elementor-widget elementor-widget-image\" data-id=\"acaffd8\" data-element_type=\"widget\" data-widget_type=\"image.default\">\n\t\t\t\t<div class=\"elementor-widget-container\">\n\t\t\t\t\t\t\t\t\t\t\t\t\t\t\t<img fetchpriority=\"high\" decoding=\"async\" width=\"742\" height=\"1024\" src=\"https:\/\/ensemblequarz.ch\/wp-content\/uploads\/2024\/11\/Augustin_Martz-742x1024.jpg\" class=\"attachment-large size-large wp-image-445\" alt=\"\" srcset=\"https:\/\/ensemblequarz.ch\/wp-content\/uploads\/2024\/11\/Augustin_Martz-742x1024.jpg 742w, https:\/\/ensemblequarz.ch\/wp-content\/uploads\/2024\/11\/Augustin_Martz-218x300.jpg 218w, https:\/\/ensemblequarz.ch\/wp-content\/uploads\/2024\/11\/Augustin_Martz-768x1059.jpg 768w, https:\/\/ensemblequarz.ch\/wp-content\/uploads\/2024\/11\/Augustin_Martz-1114x1536.jpg 1114w, https:\/\/ensemblequarz.ch\/wp-content\/uploads\/2024\/11\/Augustin_Martz-1485x2048.jpg 1485w, https:\/\/ensemblequarz.ch\/wp-content\/uploads\/2024\/11\/Augustin_Martz-scaled.jpg 1856w\" sizes=\"(max-width: 742px) 100vw, 742px\" \/>\t\t\t\t\t\t\t\t\t\t\t\t\t\t\t<\/div>\n\t\t\t\t<\/div>\n\t\t\t\t<\/div>\n\t\t<div class=\"elementor-element elementor-element-9251fde e-con-full e-flex e-con e-child\" data-id=\"9251fde\" data-element_type=\"container\">\n\t\t\t\t<\/div>\n\t\t<div class=\"elementor-element elementor-element-a4de969 e-con-full e-flex e-con e-child\" data-id=\"a4de969\" data-element_type=\"container\">\n\t\t\t\t<\/div>\n\t\t\t\t\t<\/div>\n\t\t\t\t<\/div>\n\t\t\t\t<\/div>\n\t\t","protected":false},"excerpt":{"rendered":"<p>Augustin Martz Der Geiger Augustin Martz wurde *1993 in Z\u00fcrich geboren. Mit 6 Jahren begann er bei Christine Zemp Geige zu lernen. Er spielte 2006-2010 im Winterthurer Jugendsymphonie-Orchester und 2009 bis heute immer wieder im Kirchenorchester Oberwinterthur. Im Unterricht beim Geiger P\u00e4r N\u00e4sbom in Winterthur von 2008-2010 hat er seine Liebe zur schwedischen Volksmusik entdeckt. [&hellip;]<\/p>\n","protected":false},"author":1,"featured_media":0,"parent":0,"menu_order":0,"comment_status":"closed","ping_status":"closed","template":"","meta":{"inline_featured_image":false,"footnotes":""},"class_list":["post-463","page","type-page","status-publish","hentry"],"_links":{"self":[{"href":"https:\/\/ensemblequarz.ch\/index.php\/wp-json\/wp\/v2\/pages\/463","targetHints":{"allow":["GET"]}}],"collection":[{"href":"https:\/\/ensemblequarz.ch\/index.php\/wp-json\/wp\/v2\/pages"}],"about":[{"href":"https:\/\/ensemblequarz.ch\/index.php\/wp-json\/wp\/v2\/types\/page"}],"author":[{"embeddable":true,"href":"https:\/\/ensemblequarz.ch\/index.php\/wp-json\/wp\/v2\/users\/1"}],"replies":[{"embeddable":true,"href":"https:\/\/ensemblequarz.ch\/index.php\/wp-json\/wp\/v2\/comments?post=463"}],"version-history":[{"count":22,"href":"https:\/\/ensemblequarz.ch\/index.php\/wp-json\/wp\/v2\/pages\/463\/revisions"}],"predecessor-version":[{"id":1019,"href":"https:\/\/ensemblequarz.ch\/index.php\/wp-json\/wp\/v2\/pages\/463\/revisions\/1019"}],"wp:attachment":[{"href":"https:\/\/ensemblequarz.ch\/index.php\/wp-json\/wp\/v2\/media?parent=463"}],"curies":[{"name":"wp","href":"https:\/\/api.w.org\/{rel}","templated":true}]}}