{"id":456,"date":"2024-11-11T19:21:52","date_gmt":"2024-11-11T19:21:52","guid":{"rendered":"https:\/\/ensemblequarz.ch\/?page_id=456"},"modified":"2025-09-04T12:12:48","modified_gmt":"2025-09-04T12:12:48","slug":"emanuel-krucker","status":"publish","type":"page","link":"https:\/\/ensemblequarz.ch\/index.php\/emanuel-krucker\/","title":{"rendered":"Emanuel Krucker"},"content":{"rendered":"\t\t<div data-elementor-type=\"wp-page\" data-elementor-id=\"456\" class=\"elementor elementor-456\" data-elementor-post-type=\"page\">\n\t\t\t\t<div class=\"elementor-element elementor-element-a12ce96 e-flex e-con-boxed e-con e-parent\" data-id=\"a12ce96\" data-element_type=\"container\" data-settings=\"{&quot;background_background&quot;:&quot;classic&quot;}\">\n\t\t\t\t\t<div class=\"e-con-inner\">\n\t\t\t\t<div class=\"elementor-element elementor-element-552ac94 elementor-widget elementor-widget-spacer\" data-id=\"552ac94\" data-element_type=\"widget\" data-widget_type=\"spacer.default\">\n\t\t\t\t<div class=\"elementor-widget-container\">\n\t\t\t\t\t\t\t<div class=\"elementor-spacer\">\n\t\t\t<div class=\"elementor-spacer-inner\"><\/div>\n\t\t<\/div>\n\t\t\t\t\t\t<\/div>\n\t\t\t\t<\/div>\n\t\t\t\t\t<\/div>\n\t\t\t\t<\/div>\n\t\t<div class=\"elementor-element elementor-element-e703eb4 e-flex e-con-boxed e-con e-parent\" data-id=\"e703eb4\" data-element_type=\"container\" data-settings=\"{&quot;background_background&quot;:&quot;classic&quot;}\">\n\t\t\t\t\t<div class=\"e-con-inner\">\n\t\t<div class=\"elementor-element elementor-element-e850fd0 e-con-full e-flex e-con e-child\" data-id=\"e850fd0\" data-element_type=\"container\">\n\t\t\t\t<div class=\"elementor-element elementor-element-5b7d103 elementor-widget elementor-widget-heading\" data-id=\"5b7d103\" data-element_type=\"widget\" data-widget_type=\"heading.default\">\n\t\t\t\t<div class=\"elementor-widget-container\">\n\t\t\t\t\t<h2 class=\"elementor-heading-title elementor-size-default\">Emanuel Krucker<\/h2>\t\t\t\t<\/div>\n\t\t\t\t<\/div>\n\t\t\t\t<div class=\"elementor-element elementor-element-af8c94e elementor-widget elementor-widget-text-editor\" data-id=\"af8c94e\" data-element_type=\"widget\" data-widget_type=\"text-editor.default\">\n\t\t\t\t<div class=\"elementor-widget-container\">\n\t\t\t\t\t\t\t\t\t<p>Emanuel Krucker (*1994) ist an den \u00e4ussersten Ausl\u00e4ufern des Toggenburgs aufgewachsen. Und schon fr\u00fch interessierte er sich besonders f\u00fcr die Appenzeller Volksmusik &#8211; in der CD-Sammlung seines Grossvaters fand er gl\u00fccklicherweise viele Exemplare davon. Das Hackbrett einmal entdeckt, liess es ihn nicht mehr los. Mit neun Jahren durfte er im Nachbardorf seine ersten Hackbrett-Stunden nehmen.<\/p><p>Von 2013 bis 2015 studierte er in Basel Musikwissenschaft und Geschichte, bevor er im Herbst 2015 das Musikstudium in Luzern aufnahm. Im Sommer 2021 schloss&nbsp;er den Master Schulmusik II in Luzern ab. Kurz darauf absolvierte er ebenfalls in Luzern das Masterstudium f\u00fcr Instrumentalp\u00e4dagogik.<\/p><p>Gerne musiziert er mit seinen beiden festen Ensembles &#8222;Quarz&#8220; und &#8222;IGspannt&#8220;. Daneben bleibt Platz f\u00fcr das eine oder andere Engagement in diversen musikalischen Projekten.&nbsp;<\/p>\n<p>Er unterrichtet an den Musikschulen F\u00fcrstenland (Gossau SG) und Stadt St. Gallen. Auch dar\u00fcber hinaus ist er der Jugendarbeit sehr verpflichtet. Seit 2014 ist er Teil des Leiterteams des&nbsp;Schweizer Hackbrettjugendlagers. Gemeinsam mit Christoph Pf\u00e4ndler und Dario Schmid leitet er seit 2019 das Hackbrett Jugendorchester Schweiz (HJOS) und ist ausserdem im Co-Pr\u00e4sidium des Verbandes Hackbrett Schweiz engagiert.<\/p>\t\t\t\t\t\t\t\t<\/div>\n\t\t\t\t<\/div>\n\t\t\t\t<div class=\"elementor-element elementor-element-ef55334 elementor-widget elementor-widget-button\" data-id=\"ef55334\" data-element_type=\"widget\" data-widget_type=\"button.default\">\n\t\t\t\t<div class=\"elementor-widget-container\">\n\t\t\t\t\t\t\t\t\t<div class=\"elementor-button-wrapper\">\n\t\t\t\t\t<a class=\"elementor-button elementor-button-link elementor-size-sm\" href=\"https:\/\/ensemblequarz.ch\/index.php\/ueber-uns\/\">\n\t\t\t\t\t\t<span class=\"elementor-button-content-wrapper\">\n\t\t\t\t\t\t\t\t\t<span class=\"elementor-button-text\">zur\u00fcck<\/span>\n\t\t\t\t\t<\/span>\n\t\t\t\t\t<\/a>\n\t\t\t\t<\/div>\n\t\t\t\t\t\t\t\t<\/div>\n\t\t\t\t<\/div>\n\t\t\t\t<\/div>\n\t\t<div class=\"elementor-element elementor-element-8a46f10 e-con-full e-flex e-con e-child\" data-id=\"8a46f10\" data-element_type=\"container\">\n\t\t\t\t<div class=\"elementor-element elementor-element-d171f98 elementor-widget elementor-widget-image\" data-id=\"d171f98\" data-element_type=\"widget\" data-widget_type=\"image.default\">\n\t\t\t\t<div class=\"elementor-widget-container\">\n\t\t\t\t\t\t\t\t\t\t\t\t\t\t\t<img fetchpriority=\"high\" decoding=\"async\" width=\"742\" height=\"1024\" src=\"https:\/\/ensemblequarz.ch\/wp-content\/uploads\/2024\/11\/Emanuel_Krucker-742x1024.jpg\" class=\"attachment-large size-large wp-image-446\" alt=\"\" srcset=\"https:\/\/ensemblequarz.ch\/wp-content\/uploads\/2024\/11\/Emanuel_Krucker-742x1024.jpg 742w, https:\/\/ensemblequarz.ch\/wp-content\/uploads\/2024\/11\/Emanuel_Krucker-218x300.jpg 218w, https:\/\/ensemblequarz.ch\/wp-content\/uploads\/2024\/11\/Emanuel_Krucker-768x1059.jpg 768w, https:\/\/ensemblequarz.ch\/wp-content\/uploads\/2024\/11\/Emanuel_Krucker-1114x1536.jpg 1114w, https:\/\/ensemblequarz.ch\/wp-content\/uploads\/2024\/11\/Emanuel_Krucker-1485x2048.jpg 1485w, https:\/\/ensemblequarz.ch\/wp-content\/uploads\/2024\/11\/Emanuel_Krucker-scaled.jpg 1856w\" sizes=\"(max-width: 742px) 100vw, 742px\" \/>\t\t\t\t\t\t\t\t\t\t\t\t\t\t\t<\/div>\n\t\t\t\t<\/div>\n\t\t\t\t<\/div>\n\t\t<div class=\"elementor-element elementor-element-ba7f8bb e-con-full e-flex e-con e-child\" data-id=\"ba7f8bb\" data-element_type=\"container\">\n\t\t\t\t<\/div>\n\t\t<div class=\"elementor-element elementor-element-f041278 e-con-full e-flex e-con e-child\" data-id=\"f041278\" data-element_type=\"container\">\n\t\t\t\t<\/div>\n\t\t\t\t\t<\/div>\n\t\t\t\t<\/div>\n\t\t\t\t<\/div>\n\t\t","protected":false},"excerpt":{"rendered":"<p>Emanuel Krucker Emanuel Krucker (*1994) ist an den \u00e4ussersten Ausl\u00e4ufern des Toggenburgs aufgewachsen. Und schon fr\u00fch interessierte er sich besonders f\u00fcr die Appenzeller Volksmusik &#8211; in der CD-Sammlung seines Grossvaters fand er gl\u00fccklicherweise viele Exemplare davon. Das Hackbrett einmal entdeckt, liess es ihn nicht mehr los. Mit neun Jahren durfte er im Nachbardorf seine ersten [&hellip;]<\/p>\n","protected":false},"author":1,"featured_media":0,"parent":0,"menu_order":0,"comment_status":"closed","ping_status":"closed","template":"","meta":{"inline_featured_image":false,"footnotes":""},"class_list":["post-456","page","type-page","status-publish","hentry"],"_links":{"self":[{"href":"https:\/\/ensemblequarz.ch\/index.php\/wp-json\/wp\/v2\/pages\/456","targetHints":{"allow":["GET"]}}],"collection":[{"href":"https:\/\/ensemblequarz.ch\/index.php\/wp-json\/wp\/v2\/pages"}],"about":[{"href":"https:\/\/ensemblequarz.ch\/index.php\/wp-json\/wp\/v2\/types\/page"}],"author":[{"embeddable":true,"href":"https:\/\/ensemblequarz.ch\/index.php\/wp-json\/wp\/v2\/users\/1"}],"replies":[{"embeddable":true,"href":"https:\/\/ensemblequarz.ch\/index.php\/wp-json\/wp\/v2\/comments?post=456"}],"version-history":[{"count":16,"href":"https:\/\/ensemblequarz.ch\/index.php\/wp-json\/wp\/v2\/pages\/456\/revisions"}],"predecessor-version":[{"id":1025,"href":"https:\/\/ensemblequarz.ch\/index.php\/wp-json\/wp\/v2\/pages\/456\/revisions\/1025"}],"wp:attachment":[{"href":"https:\/\/ensemblequarz.ch\/index.php\/wp-json\/wp\/v2\/media?parent=456"}],"curies":[{"name":"wp","href":"https:\/\/api.w.org\/{rel}","templated":true}]}}